{"id":7,"date":"2026-05-11T13:25:06","date_gmt":"2026-05-11T13:25:06","guid":{"rendered":"https:\/\/institutnstress5924.live-website.com\/?page_id=7"},"modified":"2026-05-13T20:54:00","modified_gmt":"2026-05-13T18:54:00","slug":"accueil","status":"publish","type":"page","link":"https:\/\/institutnstress5924.live-website.com\/en\/","title":{"rendered":"Home"},"content":{"rendered":"\t\t<div data-elementor-type=\"wp-page\" data-elementor-id=\"7\" class=\"elementor elementor-7\">\n\t\t\t\t<div class=\"elementor-element elementor-element-387c7d2 e-flex e-con-boxed e-con e-parent\" data-id=\"387c7d2\" data-element_type=\"container\" data-e-type=\"container\" data-settings=\"{&quot;background_background&quot;:&quot;slideshow&quot;,&quot;background_slideshow_gallery&quot;:[{&quot;id&quot;:27,&quot;url&quot;:&quot;https:\\\/\\\/institutnstress5924.live-website.com\\\/wp-content\\\/uploads\\\/2026\\\/05\\\/IMG_8010-scaled.jpeg&quot;}],&quot;background_slideshow_ken_burns&quot;:&quot;yes&quot;,&quot;background_slideshow_loop&quot;:&quot;yes&quot;,&quot;background_slideshow_slide_duration&quot;:5000,&quot;background_slideshow_slide_transition&quot;:&quot;fade&quot;,&quot;background_slideshow_transition_duration&quot;:500,&quot;background_slideshow_ken_burns_zoom_direction&quot;:&quot;in&quot;}\">\n\t\t\t\t\t<div class=\"e-con-inner\">\n\t\t\t\t\t\t\t<h1 \n\t\tdata-interaction-id=\"06248ca\" \n\t\tclass=\"e-06248ca-945744d e-heading-base\" \n\t\t \n\t\t\n\t>\n\t\n\t\t\tInstitut de beaut\u00e9 &amp; bien-\u00eatre \u00e0 Strassen, Luxembourg \n\t\t<\/h1>\n\t\t\t\t\t\t\t<h2 \n\t\tdata-interaction-id=\"6d6d4a8\" \n\t\tclass=\"e-6d6d4a8-ca3a7d6 e-heading-base\" \n\t\t \n\t\t\n\t>\n\t\n\t\t\tPrenez soin de vous. Vraiment.\n\t\t<\/h2>\n\t\t\t\t\t\t\t\t<p class=\"e-b1f1708-653d481 e-paragraph-base\" data-interaction-id=\"b1f1708\"  >\n\t\t\t\t\t\t\t\t\u00c9PILATION D\u00c9FINITIVE &amp; IPL - \u00c9PILATION \u00c0 LA CIRE - SOINS VISAGE - MASSAGE - PRESSOTH\u00c9RAPIE \u00b7 ONGLERIE \u00b7 MAQUILLAGE PERMANENT. <br>POUR HOMMES &amp; FEMMES\n\t\t\t\t\t<\/p>\n\t\t\t\t<div class=\"elementor-element elementor-element-1fb69c1 elementor-widget elementor-widget-button\" data-id=\"1fb69c1\" data-element_type=\"widget\" data-e-type=\"widget\" data-widget_type=\"button.default\">\n\t\t\t\t\t\t\t\t\t\t<a class=\"elementor-button elementor-button-link elementor-size-sm\" href=\"tel:%20+352621179565\" target=\"_blank\">\n\t\t\t\t\t\t<span class=\"elementor-button-content-wrapper\">\n\t\t\t\t\t\t<span class=\"elementor-button-icon\">\n\t\t\t\t<svg aria-hidden=\"true\" class=\"e-font-icon-svg e-fas-phone-alt\" viewBox=\"0 0 512 512\" xmlns=\"http:\/\/www.w3.org\/2000\/svg\"><path d=\"M497.39 361.8l-112-48a24 24 0 0 0-28 6.9l-49.6 60.6A370.66 370.66 0 0 1 130.6 204.11l60.6-49.6a23.94 23.94 0 0 0 6.9-28l-48-112A24.16 24.16 0 0 0 122.6.61l-104 24A24 24 0 0 0 0 48c0 256.5 207.9 464 464 464a24 24 0 0 0 23.4-18.6l24-104a24.29 24.29 0 0 0-14.01-27.6z\"><\/path><\/svg>\t\t\t<\/span>\n\t\t\t\t\t\t\t\t\t<span class=\"elementor-button-text\">621 17 95 65<\/span>\n\t\t\t\t\t<\/span>\n\t\t\t\t\t<\/a>\n\t\t\t\t\t\t\t\t<\/div>\n\t\t\t\t\t<\/div>\n\t\t\t\t<\/div>\n\t\t<div class=\"elementor-element elementor-element-6cc1ad4 e-flex e-con-boxed e-con e-parent\" data-id=\"6cc1ad4\" data-element_type=\"container\" data-e-type=\"container\">\n\t\t\t\t\t<div class=\"e-con-inner\">\n\t\t<div class=\"elementor-element elementor-element-be24e26 e-con-full e-flex e-con e-child\" data-id=\"be24e26\" data-element_type=\"container\" data-e-type=\"container\">\n\t\t\t\t\t\t\t<h2 \n\t\tdata-interaction-id=\"60a3516\" \n\t\tclass=\"e-60a3516-4963a5c e-heading-base\" \n\t\t \n\t\t\n\t>\n\t\n\t\t\t13 ans d'expertise\n\t\t<\/h2>\n\t\t\t\t<\/div>\n\t\t<div class=\"elementor-element elementor-element-25abe62 e-con-full e-flex e-con e-child\" data-id=\"25abe62\" data-element_type=\"container\" data-e-type=\"container\">\n\t\t\t\t\t\t\t<h2 \n\t\tdata-interaction-id=\"6ed89fc\" \n\t\tclass=\"e-6ed89fc-992605e e-heading-base\" \n\t\t \n\t\t\n\t>\n\t\n\t\t\t+ 2000 clients accompagn\u00e9s&nbsp;\n\t\t<\/h2>\n\t\t\t\t<\/div>\n\t\t<div class=\"elementor-element elementor-element-1ac6bdd e-con-full e-flex e-con e-child\" data-id=\"1ac6bdd\" data-element_type=\"container\" data-e-type=\"container\">\n\t\t\t\t\t\t\t<h2 \n\t\tdata-interaction-id=\"9503c90\" \n\t\tclass=\"e-9503c90-bbbbaf8 e-heading-base\" \n\t\t \n\t\t\n\t>\n\t\n\t\t\t3 techniques d'\u00e9pilation\n\t\t<\/h2>\n\t\t\t\t<\/div>\n\t\t<div class=\"elementor-element elementor-element-1f91ded e-con-full e-flex e-con e-child\" data-id=\"1f91ded\" data-element_type=\"container\" data-e-type=\"container\">\n\t\t\t\t\t\t\t<h2 \n\t\tdata-interaction-id=\"1e52b36\" \n\t\tclass=\"e-1e52b36-b42b9ed e-heading-base\" \n\t\t \n\t\t\n\t>\n\t\n\t\t\tSp\u00e9cialiste en \u00e9lectrolyse\n\t\t<\/h2>\n\t\t\t\t<\/div>\n\t\t\t\t\t<\/div>\n\t\t\t\t<\/div>\n\t\t<div class=\"elementor-element elementor-element-1dd5d3b e-flex e-con-boxed e-con e-parent\" data-id=\"1dd5d3b\" data-element_type=\"container\" data-e-type=\"container\">\n\t\t\t\t\t<div class=\"e-con-inner\">\n\t\t\t\t\t\t\t<h2 \n\t\tdata-interaction-id=\"f5be8e9\" \n\t\tclass=\"e-f5be8e9-e0ad4d3 e-heading-base\" \n\t\t \n\t\t\n\t>\n\t\n\t\t\tNos soins &amp; services\n\t\t<\/h2>\n\t\t\t\t\t<\/div>\n\t\t\t\t<\/div>\n\t\t<div class=\"elementor-element elementor-element-1a71b63 e-flex e-con-boxed e-con e-parent\" data-id=\"1a71b63\" data-element_type=\"container\" data-e-type=\"container\">\n\t\t\t\t\t<div class=\"e-con-inner\">\n\t\t<div class=\"elementor-element elementor-element-9d36f94 e-con-full e-grid e-con e-child\" data-id=\"9d36f94\" data-element_type=\"container\" data-e-type=\"container\">\n\t\t\t\t\t\t\t<h3 \n\t\tdata-interaction-id=\"05d5ca4\" \n\t\tclass=\"e-05d5ca4-e267514 e-heading-base\" \n\t\t \n\t\t\n\t>\n\t\n\t\t\t<a \n\t\t\thref=\"\/epilation-electrique\" target=\"_blank\"\n\t\t\tclass=\"e-heading-link-base\">\n\t\t\t\u00c9pilation \u00e9lectrique\n\t\t<\/a>\n\t\t<\/h3>\n\t\t\t\t\t\t\t<h3 \n\t\tdata-interaction-id=\"a09b608\" \n\t\tclass=\"e-a09b608-ef73226 e-heading-base\" \n\t\t \n\t\t\n\t>\n\t\n\t\t\t<a \n\t\t\thref=\"\/epilation-ipllumiere-pulsee\" target=\"_blank\"\n\t\t\tclass=\"e-heading-link-base\">\n\t\t\t\u00c9pilation IPL\/Lumi\u00e8re puls\u00e9e\n\t\t<\/a>\n\t\t<\/h3>\n\t\t\t\t\t\t\t<h3 \n\t\tdata-interaction-id=\"e466350\" \n\t\tclass=\"e-e466350-f3d09a2 e-heading-base\" \n\t\t \n\t\t\n\t>\n\t\n\t\t\t<a \n\t\t\thref=\"\/epilation-a-la-cire\" target=\"_blank\"\n\t\t\tclass=\"e-heading-link-base\">\n\t\t\t\u00c9pilation \u00e0 la cire \n\t\t<\/a>\n\t\t<\/h3>\n\t\t\t\t\t\t\t<h3 \n\t\tdata-interaction-id=\"2b7eb47\" \n\t\tclass=\"e-2b7eb47-833d999 e-heading-base\" \n\t\t \n\t\t\n\t>\n\t\n\t\t\t<a \n\t\t\thref=\"\/soins-bien-etre\" target=\"_blank\"\n\t\t\tclass=\"e-heading-link-base\">\n\t\t\tSoins &amp; massages\n\t\t<\/a>\n\t\t<\/h3>\n\t\t\t\t\t\t\t<h3 \n\t\tdata-interaction-id=\"363d79c\" \n\t\tclass=\"e-363d79c-3663f0f e-heading-base\" \n\t\t \n\t\t\n\t>\n\t\n\t\t\t<a \n\t\t\thref=\"\/soins-bien-etre\" target=\"_blank\"\n\t\t\tclass=\"e-heading-link-base\">\n\t\t\tOnglerie\n\t\t<\/a>\n\t\t<\/h3>\n\t\t\t\t\t\t\t<h3 \n\t\tdata-interaction-id=\"dbc60ba\" \n\t\tclass=\"e-dbc60ba-6f02b2b e-heading-base\" \n\t\t \n\t\t\n\t>\n\t\n\t\t\t<a \n\t\t\thref=\"\/maquillage-permanent\" target=\"_blank\"\n\t\t\tclass=\"e-heading-link-base\">\n\t\t\tMaquillage permanent\n\t\t<\/a>\n\t\t<\/h3>\n\t\t\t\t<\/div>\n\t\t\t\t\t<\/div>\n\t\t\t\t<\/div>\n\t\t<div class=\"elementor-element elementor-element-410c3b6 e-flex e-con-boxed e-con e-parent\" data-id=\"410c3b6\" data-element_type=\"container\" data-e-type=\"container\">\n\t\t\t\t\t<div class=\"e-con-inner\">\n\t\t\t\t\t<\/div>\n\t\t\t\t<\/div>\n\t\t\t\t<\/div>\n\t\t","protected":false},"excerpt":{"rendered":"<p>Institut de beaut\u00e9 &amp; bien-\u00eatre \u00e0 Strassen, Luxembourg Prenez soin de vous. Vraiment. \u00c9PILATION D\u00c9FINITIVE &amp; IPL &#8211; \u00c9PILATION \u00c0 [&hellip;]<\/p>\n","protected":false},"author":1,"featured_media":0,"parent":0,"menu_order":0,"comment_status":"closed","ping_status":"closed","template":"","meta":{"site-sidebar-layout":"no-sidebar","site-content-layout":"","ast-site-content-layout":"full-width-container","site-content-style":"unboxed","site-sidebar-style":"default","ast-global-header-display":"","ast-banner-title-visibility":"","ast-main-header-display":"","ast-hfb-above-header-display":"","ast-hfb-below-header-display":"","ast-hfb-mobile-header-display":"","site-post-title":"","ast-breadcrumbs-content":"","ast-featured-img":"disabled","footer-sml-layout":"","ast-disable-related-posts":"","theme-transparent-header-meta":"","adv-header-id-meta":"","stick-header-meta":"","header-above-stick-meta":"","header-main-stick-meta":"","header-below-stick-meta":"","astra-migrate-meta-layouts":"default","ast-page-background-enabled":"default","ast-page-background-meta":{"desktop":{"background-color":"var(--ast-global-color-5)","background-image":"","background-repeat":"repeat","background-position":"center center","background-size":"auto","background-attachment":"scroll","background-type":"","background-media":"","overlay-type":"","overlay-color":"","overlay-opacity":"","overlay-gradient":""},"tablet":{"background-color":"","background-image":"","background-repeat":"repeat","background-position":"center center","background-size":"auto","background-attachment":"scroll","background-type":"","background-media":"","overlay-type":"","overlay-color":"","overlay-opacity":"","overlay-gradient":""},"mobile":{"background-color":"","background-image":"","background-repeat":"repeat","background-position":"center center","background-size":"auto","background-attachment":"scroll","background-type":"","background-media":"","overlay-type":"","overlay-color":"","overlay-opacity":"","overlay-gradient":""}},"ast-content-background-meta":{"desktop":{"background-color":"var(--ast-global-color-4)","background-image":"","background-repeat":"repeat","background-position":"center center","background-size":"auto","background-attachment":"scroll","background-type":"","background-media":"","overlay-type":"","overlay-color":"","overlay-opacity":"","overlay-gradient":""},"tablet":{"background-color":"var(--ast-global-color-4)","background-image":"","background-repeat":"repeat","background-position":"center center","background-size":"auto","background-attachment":"scroll","background-type":"","background-media":"","overlay-type":"","overlay-color":"","overlay-opacity":"","overlay-gradient":""},"mobile":{"background-color":"var(--ast-global-color-4)","background-image":"","background-repeat":"repeat","background-position":"center center","background-size":"auto","background-attachment":"scroll","background-type":"","background-media":"","overlay-type":"","overlay-color":"","overlay-opacity":"","overlay-gradient":""}},"footnotes":""},"class_list":["post-7","page","type-page","status-publish","hentry"],"_links":{"self":[{"href":"https:\/\/institutnstress5924.live-website.com\/en\/wp-json\/wp\/v2\/pages\/7","targetHints":{"allow":["GET"]}}],"collection":[{"href":"https:\/\/institutnstress5924.live-website.com\/en\/wp-json\/wp\/v2\/pages"}],"about":[{"href":"https:\/\/institutnstress5924.live-website.com\/en\/wp-json\/wp\/v2\/types\/page"}],"author":[{"embeddable":true,"href":"https:\/\/institutnstress5924.live-website.com\/en\/wp-json\/wp\/v2\/users\/1"}],"replies":[{"embeddable":true,"href":"https:\/\/institutnstress5924.live-website.com\/en\/wp-json\/wp\/v2\/comments?post=7"}],"version-history":[{"count":49,"href":"https:\/\/institutnstress5924.live-website.com\/en\/wp-json\/wp\/v2\/pages\/7\/revisions"}],"predecessor-version":[{"id":283,"href":"https:\/\/institutnstress5924.live-website.com\/en\/wp-json\/wp\/v2\/pages\/7\/revisions\/283"}],"wp:attachment":[{"href":"https:\/\/institutnstress5924.live-website.com\/en\/wp-json\/wp\/v2\/media?parent=7"}],"curies":[{"name":"wp","href":"https:\/\/api.w.org\/{rel}","templated":true}]}}