{"id":30,"date":"2026-05-11T20:48:55","date_gmt":"2026-05-11T18:48:55","guid":{"rendered":"https:\/\/institutnstress5924.live-website.com\/?page_id=30"},"modified":"2026-05-13T22:43:26","modified_gmt":"2026-05-13T20:43:26","slug":"a-propos","status":"publish","type":"page","link":"https:\/\/institutnstress5924.live-website.com\/en\/a-propos\/","title":{"rendered":"About"},"content":{"rendered":"<div data-elementor-type=\"wp-page\" data-elementor-id=\"30\" class=\"elementor elementor-30\">\n\t\t\t\t<div class=\"elementor-element elementor-element-dc8eb1f e-flex e-con-boxed e-con e-parent\" data-id=\"dc8eb1f\" data-element_type=\"container\" data-e-type=\"container\">\n\t\t\t\t\t<div class=\"e-con-inner\">\n\t\t\t\t<div class=\"elementor-element elementor-element-afc6aff elementor-widget elementor-widget-image\" data-id=\"afc6aff\" data-element_type=\"widget\" data-e-type=\"widget\" data-widget_type=\"image.default\">\n\t\t\t\t\t\t\t\t\t\t\t\t\t\t\t<img fetchpriority=\"high\" decoding=\"async\" width=\"768\" height=\"576\" src=\"https:\/\/institutnstress5924.live-website.com\/wp-content\/uploads\/2026\/05\/Image-15.jpeg\" class=\"attachment-large size-large wp-image-299\" alt=\"Thai massage huile table Institut N\u00f4 Stress Luxembourg\" srcset=\"https:\/\/institutnstress5924.live-website.com\/wp-content\/uploads\/2026\/05\/Image-15.jpeg 768w, https:\/\/institutnstress5924.live-website.com\/wp-content\/uploads\/2026\/05\/Image-15-300x225.jpeg 300w, https:\/\/institutnstress5924.live-website.com\/wp-content\/uploads\/2026\/05\/Image-15-16x12.jpeg 16w\" sizes=\"(max-width: 768px) 100vw, 768px\" \/>\t\t\t\t\t\t\t\t\t\t\t\t\t\t\t<\/div>\n\t\t\t\t\t<\/div>\n\t\t\t\t<\/div>\n\t\t<div class=\"elementor-element elementor-element-993d063 e-flex e-con-boxed e-con e-parent\" data-id=\"993d063\" data-element_type=\"container\" data-e-type=\"container\">\n\t\t\t\t\t<div class=\"e-con-inner\">\n\t\t\t\t\t\t\t<h2 \n\t\tdata-interaction-id=\"cc55d0a\" \n\t\tclass=\"e-cc55d0a-a69f155 e-heading-base\" \n\t\t \n\t\t\n\t>\n\t\n\t\t\tWho am I?\n\t\t<\/h2>\n\t\t\t\t\t<\/div>\n\t\t\t\t<\/div>\n\t\t<div class=\"elementor-element elementor-element-73f95da e-flex e-con-boxed e-con e-parent\" data-id=\"73f95da\" data-element_type=\"container\" data-e-type=\"container\">\n\t\t\t\t\t<div class=\"e-con-inner\">\n\t\t\t\t\t<\/div>\n\t\t\t\t<\/div>\n\t\t<div class=\"elementor-element elementor-element-a5f3f25 e-flex e-con-boxed e-con e-parent\" data-id=\"a5f3f25\" data-element_type=\"container\" data-e-type=\"container\">\n\t\t\t\t\t<div class=\"e-con-inner\">\n\t\t\t\t\t\t\t\t<p class=\"e-acc6961-b883667 e-paragraph-base\" data-interaction-id=\"acc6961\"  >\n\t\t\t\t\t\t\t\t\"My name is Jane. I'm a specialised beautician-masseuse, based in Strassen since 2013.<br>I chose this profession, first and foremost, for a simple reason: to help others. <br>Helping someone to feel better about themselves, regain their self-confidence, overcome a complex that has accompanied them for years \u2014 that's what makes me get up every morning with enthusiasm.\"\n\t\t\t\t\t<\/p>\n\t\t\t\t\t<\/div>\n\t\t\t\t<\/div>\n\t\t<div class=\"elementor-element elementor-element-2e41709 e-flex e-con-boxed e-con e-parent\" data-id=\"2e41709\" data-element_type=\"container\" data-e-type=\"container\">\n\t\t\t\t\t<div class=\"e-con-inner\">\n\t\t\t\t\t\t\t<h2 \n\t\tdata-interaction-id=\"9e908a7\" \n\t\tclass=\"e-9e908a7-876e893 e-heading-base\" \n\t\t \n\t\t\n\t>\n\t\n\t\t\tMy training\n\t\t<\/h2>\n\t\t\t\t\t<\/div>\n\t\t\t\t<\/div>\n\t\t<div class=\"elementor-element elementor-element-3879443 e-flex e-con-boxed e-con e-parent\" data-id=\"3879443\" data-element_type=\"container\" data-e-type=\"container\">\n\t\t\t\t\t<div class=\"e-con-inner\">\n\t\t\t\t\t\t\t\t<p class=\"e-01b01be-59d793a e-paragraph-base\" data-interaction-id=\"01b01be\"  >\n\t\t\t\t\t\t\t\tHaving graduated from a private school in France, I have built my expertise over the years with specialised certifications:<br>Beautician Diploma<br>Massage certifications<br>Certificate in Cosmetology<br>Permanent makeup certificate<br>Thai oil massage certificate on a table<br>Certificate in Thermolysis &amp; Blend<br>Hygiene and Health and Safety Certification\n\t\t\t\t\t<\/p>\n\t\t\t\t\t<\/div>\n\t\t\t\t<\/div>\n\t\t<div class=\"elementor-element elementor-element-cb846e9 e-flex e-con-boxed e-con e-parent\" data-id=\"cb846e9\" data-element_type=\"container\" data-e-type=\"container\">\n\t\t\t\t\t<div class=\"e-con-inner\">\n\t\t\t\t\t\t\t<h2 \n\t\tdata-interaction-id=\"b672222\" \n\t\tclass=\"e-b672222-cf33339 e-heading-base\" \n\t\t \n\t\t\n\t>\n\t\n\t\t\tMy speciality\n\t\t<\/h2>\n\t\t\t\t\t<\/div>\n\t\t\t\t<\/div>\n\t\t<div class=\"elementor-element elementor-element-05233ef e-flex e-con-boxed e-con e-parent\" data-id=\"05233ef\" data-element_type=\"container\" data-e-type=\"container\">\n\t\t\t\t\t<div class=\"e-con-inner\">\n\t\t\t\t\t\t\t\t<p class=\"e-paragraph-base\" data-interaction-id=\"6062d5d\"  >\n\t\t\t\t\t\t\t\tToday, I am one of the few specialists in electrolysis, thermolysis, and Blend in Luxembourg. <br>My EVOLUTION7 HD device allows me to treat all hair types and skin tones \u2014 where laser and IPL reach their limits.<br><br><strong>Since 2013, my clients have placed their trust in me. And since 2023, doctors have been referring their patients directly to me for electrolysis, thermolysis, and blend treatments \u2013 a professional recognition that I am particularly proud of.<\/strong><br><br>I see women and men, without judgment, with genuine listening and care tailored to each situation.\n\t\t\t\t\t<\/p>\n\t\t\t\t\t<\/div>\n\t\t\t\t<\/div>\n\t\t<div class=\"elementor-element elementor-element-65524ee e-flex e-con-boxed e-con e-parent\" data-id=\"65524ee\" data-element_type=\"container\" data-e-type=\"container\">\n\t\t\t\t\t<div class=\"e-con-inner\">\n\t\t\t\t\t\t\t<h2 \n\t\tdata-interaction-id=\"76a025b\" \n\t\tclass=\"e-76a025b-ff5b0df e-heading-base\" \n\t\t \n\t\t\n\t>\n\t\n\t\t\tMy philosophy\n\t\t<\/h2>\n\t\t\t\t\t<\/div>\n\t\t\t\t<\/div>\n\t\t<div class=\"elementor-element elementor-element-4a62a8f e-flex e-con-boxed e-con e-parent\" data-id=\"4a62a8f\" data-element_type=\"container\" data-e-type=\"container\">\n\t\t\t\t\t<div class=\"e-con-inner\">\n\t\t\t\t\t\t\t\t<p class=\"e-paragraph-base\" data-interaction-id=\"41d0240\"  >\n\t\t\t\t\t\t\t\tLooking after yourself isn't a luxury. <br>It is a necessity. Every person who walks through the door of the N\u00f4 Stress Institute deserves to be listened to, supported, and respected. 13 years of experience. <br>Over 2,000 clients supported. One single priority: you.\n\t\t\t\t\t<\/p>\n\t\t\t\t\t<\/div>\n\t\t\t\t<\/div>\n\t\t<div class=\"elementor-element elementor-element-07aed72 e-flex e-con-boxed e-con e-parent\" data-id=\"07aed72\" data-element_type=\"container\" data-e-type=\"container\">\n\t\t\t\t\t<div class=\"e-con-inner\">\n\t\t\t\t<div class=\"elementor-element elementor-element-67c5bc9 elementor-align-center elementor-widget elementor-widget-button\" data-id=\"67c5bc9\" data-element_type=\"widget\" data-e-type=\"widget\" data-widget_type=\"button.default\">\n\t\t\t\t\t\t\t\t\t\t<a class=\"elementor-button elementor-button-link elementor-size-sm\" href=\"tel:+352621179565\">\n\t\t\t\t\t\t<span class=\"elementor-button-content-wrapper\">\n\t\t\t\t\t\t\t\t\t<span class=\"elementor-button-text\">Book an appointment \u2014 621 17 95 65<\/span>\n\t\t\t\t\t<\/span>\n\t\t\t\t\t<\/a>\n\t\t\t\t\t\t\t\t<\/div>\n\t\t\t\t\t<\/div>\n\t\t\t\t<\/div>\n\t\t\t\t<\/div>","protected":false},"excerpt":{"rendered":"<p>Qui suis-je? \u00ab\u00a0Je m&rsquo;appelle Jane. Je suis esth\u00e9ticienne-masseuse sp\u00e9cialis\u00e9e, install\u00e9e \u00e0 Strassen depuis 2013.Si j&rsquo;ai choisi ce m\u00e9tier, c&rsquo;est avant [&hellip;]<\/p>\n","protected":false},"author":1,"featured_media":0,"parent":0,"menu_order":0,"comment_status":"closed","ping_status":"closed","template":"","meta":{"site-sidebar-layout":"no-sidebar","site-content-layout":"","ast-site-content-layout":"full-width-container","site-content-style":"default","site-sidebar-style":"default","ast-global-header-display":"","ast-banner-title-visibility":"","ast-main-header-display":"","ast-hfb-above-header-display":"","ast-hfb-below-header-display":"","ast-hfb-mobile-header-display":"","site-post-title":"","ast-breadcrumbs-content":"","ast-featured-img":"disabled","footer-sml-layout":"","ast-disable-related-posts":"","theme-transparent-header-meta":"","adv-header-id-meta":"","stick-header-meta":"","header-above-stick-meta":"","header-main-stick-meta":"","header-below-stick-meta":"","astra-migrate-meta-layouts":"default","ast-page-background-enabled":"default","ast-page-background-meta":{"desktop":{"background-color":"var(--ast-global-color-5)","background-image":"","background-repeat":"repeat","background-position":"center center","background-size":"auto","background-attachment":"scroll","background-type":"","background-media":"","overlay-type":"","overlay-color":"","overlay-opacity":"","overlay-gradient":""},"tablet":{"background-color":"","background-image":"","background-repeat":"repeat","background-position":"center center","background-size":"auto","background-attachment":"scroll","background-type":"","background-media":"","overlay-type":"","overlay-color":"","overlay-opacity":"","overlay-gradient":""},"mobile":{"background-color":"","background-image":"","background-repeat":"repeat","background-position":"center center","background-size":"auto","background-attachment":"scroll","background-type":"","background-media":"","overlay-type":"","overlay-color":"","overlay-opacity":"","overlay-gradient":""}},"ast-content-background-meta":{"desktop":{"background-color":"var(--ast-global-color-4)","background-image":"","background-repeat":"repeat","background-position":"center center","background-size":"auto","background-attachment":"scroll","background-type":"","background-media":"","overlay-type":"","overlay-color":"","overlay-opacity":"","overlay-gradient":""},"tablet":{"background-color":"var(--ast-global-color-4)","background-image":"","background-repeat":"repeat","background-position":"center center","background-size":"auto","background-attachment":"scroll","background-type":"","background-media":"","overlay-type":"","overlay-color":"","overlay-opacity":"","overlay-gradient":""},"mobile":{"background-color":"var(--ast-global-color-4)","background-image":"","background-repeat":"repeat","background-position":"center center","background-size":"auto","background-attachment":"scroll","background-type":"","background-media":"","overlay-type":"","overlay-color":"","overlay-opacity":"","overlay-gradient":""}},"footnotes":""},"class_list":["post-30","page","type-page","status-publish","hentry"],"_links":{"self":[{"href":"https:\/\/institutnstress5924.live-website.com\/en\/wp-json\/wp\/v2\/pages\/30","targetHints":{"allow":["GET"]}}],"collection":[{"href":"https:\/\/institutnstress5924.live-website.com\/en\/wp-json\/wp\/v2\/pages"}],"about":[{"href":"https:\/\/institutnstress5924.live-website.com\/en\/wp-json\/wp\/v2\/types\/page"}],"author":[{"embeddable":true,"href":"https:\/\/institutnstress5924.live-website.com\/en\/wp-json\/wp\/v2\/users\/1"}],"replies":[{"embeddable":true,"href":"https:\/\/institutnstress5924.live-website.com\/en\/wp-json\/wp\/v2\/comments?post=30"}],"version-history":[{"count":10,"href":"https:\/\/institutnstress5924.live-website.com\/en\/wp-json\/wp\/v2\/pages\/30\/revisions"}],"predecessor-version":[{"id":305,"href":"https:\/\/institutnstress5924.live-website.com\/en\/wp-json\/wp\/v2\/pages\/30\/revisions\/305"}],"wp:attachment":[{"href":"https:\/\/institutnstress5924.live-website.com\/en\/wp-json\/wp\/v2\/media?parent=30"}],"curies":[{"name":"wp","href":"https:\/\/api.w.org\/{rel}","templated":true}]}}