{"id":240,"date":"2026-05-13T18:09:59","date_gmt":"2026-05-13T16:09:59","guid":{"rendered":"https:\/\/institutnstress5924.live-website.com\/?page_id=240"},"modified":"2026-05-13T21:05:09","modified_gmt":"2026-05-13T19:05:09","slug":"mentions-legales","status":"publish","type":"page","link":"https:\/\/institutnstress5924.live-website.com\/en\/mentions-legales\/","title":{"rendered":"Legal notice"},"content":{"rendered":"<div data-elementor-type=\"wp-page\" data-elementor-id=\"240\" class=\"elementor elementor-240\">\n\t\t\t\t<div class=\"elementor-element elementor-element-abea780 e-flex e-con-boxed e-con e-parent\" data-id=\"abea780\" data-element_type=\"container\" data-e-type=\"container\">\n\t\t\t\t\t<div class=\"e-con-inner\">\n\t\t\t\t\t\t\t\t<p class=\"e-paragraph-base\" data-interaction-id=\"7d985fe\"  >\n\t\t\t\t\t\t\t\t<strong>MENTIONS L\u00c9GALES<\/strong><br><strong>\u00c9diteur du site<\/strong> <br>Institut N\u00f4 Stress <br>30, rue de l'Industrie \u2014 L-8069 Strassen, Luxembourg <br>+352 621 17 95 65 <br><a target=\"_blank\" href=\"mailto:contact.nostress.luxembourg@gmail.com\">contact.nostress.luxembourg@gmail.com<\/a><br><strong>Responsable de la publication<\/strong> Jane Ristanovic<br><strong>Num\u00e9ro d'autorisation d'\u00e9tablissement :<\/strong> 100349336\/0 \u2014 100349336\/1<br><strong>Num\u00e9ro de TVA intracommunautaire :<\/strong> LU26408522<br><strong>H\u00e9bergeur<\/strong> IONOS SE \u2014 Elgendorfer Str. 57 \u2014 56410 Montabaur, Allemagne<br><br><br><strong>POLITIQUE DE CONFIDENTIALIT\u00c9 &amp; RGPDCollecte des donn\u00e9es<\/strong> <br>Nous collectons uniquement les donn\u00e9es que vous nous transmettez volontairement via notre formulaire de contact (nom, email, t\u00e9l\u00e9phone).<br><strong>Utilisation des donn\u00e9es<\/strong> Ces donn\u00e9es sont utilis\u00e9es uniquement pour r\u00e9pondre \u00e0 vos demandes de rendez-vous. Elles ne sont jamais vendues ni transmises \u00e0 des tiers.<br><strong>Vos droits<\/strong> Conform\u00e9ment au RGPD, vous disposez d'un droit d'acc\u00e8s, de rectification et de suppression de vos donn\u00e9es en contactant : <a target=\"_blank\" href=\"mailto:contact.nostress.luxembourg@gmail.com\">contact.nostress.luxembourg@gmail.com<\/a><br><strong>Cookies<\/strong> Ce site utilise des cookies techniques n\u00e9cessaires \u00e0 son fonctionnement. Aucun cookie publicitaire n'est utilis\u00e9.\n\t\t\t\t\t<\/p>\n\t\t\t\t\t<\/div>\n\t\t\t\t<\/div>\n\t\t<div class=\"elementor-element elementor-element-76de6d9 e-flex e-con-boxed e-con e-parent\" data-id=\"76de6d9\" data-element_type=\"container\" data-e-type=\"container\">\n\t\t\t\t\t<div class=\"e-con-inner\">\n\t\t\t\t\t<\/div>\n\t\t\t\t<\/div>\n\t\t\t\t<\/div>","protected":false},"excerpt":{"rendered":"<p>MENTIONS L\u00c9GALES\u00c9diteur du site Institut N\u00f4 Stress 30, rue de l&rsquo;Industrie \u2014 L-8069 Strassen, Luxembourg +352 621 17 95 65 [&hellip;]<\/p>\n","protected":false},"author":1,"featured_media":0,"parent":0,"menu_order":0,"comment_status":"closed","ping_status":"closed","template":"","meta":{"site-sidebar-layout":"no-sidebar","site-content-layout":"","ast-site-content-layout":"full-width-container","site-content-style":"default","site-sidebar-style":"default","ast-global-header-display":"","ast-banner-title-visibility":"","ast-main-header-display":"","ast-hfb-above-header-display":"","ast-hfb-below-header-display":"","ast-hfb-mobile-header-display":"","site-post-title":"","ast-breadcrumbs-content":"","ast-featured-img":"disabled","footer-sml-layout":"","ast-disable-related-posts":"","theme-transparent-header-meta":"","adv-header-id-meta":"","stick-header-meta":"","header-above-stick-meta":"","header-main-stick-meta":"","header-below-stick-meta":"","astra-migrate-meta-layouts":"default","ast-page-background-enabled":"default","ast-page-background-meta":{"desktop":{"background-color":"var(--ast-global-color-5)","background-image":"","background-repeat":"repeat","background-position":"center center","background-size":"auto","background-attachment":"scroll","background-type":"","background-media":"","overlay-type":"","overlay-color":"","overlay-opacity":"","overlay-gradient":""},"tablet":{"background-color":"","background-image":"","background-repeat":"repeat","background-position":"center center","background-size":"auto","background-attachment":"scroll","background-type":"","background-media":"","overlay-type":"","overlay-color":"","overlay-opacity":"","overlay-gradient":""},"mobile":{"background-color":"","background-image":"","background-repeat":"repeat","background-position":"center center","background-size":"auto","background-attachment":"scroll","background-type":"","background-media":"","overlay-type":"","overlay-color":"","overlay-opacity":"","overlay-gradient":""}},"ast-content-background-meta":{"desktop":{"background-color":"var(--ast-global-color-4)","background-image":"","background-repeat":"repeat","background-position":"center center","background-size":"auto","background-attachment":"scroll","background-type":"","background-media":"","overlay-type":"","overlay-color":"","overlay-opacity":"","overlay-gradient":""},"tablet":{"background-color":"var(--ast-global-color-4)","background-image":"","background-repeat":"repeat","background-position":"center center","background-size":"auto","background-attachment":"scroll","background-type":"","background-media":"","overlay-type":"","overlay-color":"","overlay-opacity":"","overlay-gradient":""},"mobile":{"background-color":"var(--ast-global-color-4)","background-image":"","background-repeat":"repeat","background-position":"center center","background-size":"auto","background-attachment":"scroll","background-type":"","background-media":"","overlay-type":"","overlay-color":"","overlay-opacity":"","overlay-gradient":""}},"footnotes":""},"class_list":["post-240","page","type-page","status-publish","hentry"],"_links":{"self":[{"href":"https:\/\/institutnstress5924.live-website.com\/en\/wp-json\/wp\/v2\/pages\/240","targetHints":{"allow":["GET"]}}],"collection":[{"href":"https:\/\/institutnstress5924.live-website.com\/en\/wp-json\/wp\/v2\/pages"}],"about":[{"href":"https:\/\/institutnstress5924.live-website.com\/en\/wp-json\/wp\/v2\/types\/page"}],"author":[{"embeddable":true,"href":"https:\/\/institutnstress5924.live-website.com\/en\/wp-json\/wp\/v2\/users\/1"}],"replies":[{"embeddable":true,"href":"https:\/\/institutnstress5924.live-website.com\/en\/wp-json\/wp\/v2\/comments?post=240"}],"version-history":[{"count":13,"href":"https:\/\/institutnstress5924.live-website.com\/en\/wp-json\/wp\/v2\/pages\/240\/revisions"}],"predecessor-version":[{"id":293,"href":"https:\/\/institutnstress5924.live-website.com\/en\/wp-json\/wp\/v2\/pages\/240\/revisions\/293"}],"wp:attachment":[{"href":"https:\/\/institutnstress5924.live-website.com\/en\/wp-json\/wp\/v2\/media?parent=240"}],"curies":[{"name":"wp","href":"https:\/\/api.w.org\/{rel}","templated":true}]}}